{"id":373,"date":"2025-07-22T17:06:18","date_gmt":"2025-07-22T23:06:18","guid":{"rendered":"https:\/\/asisapark.com\/?page_id=373"},"modified":"2025-09-01T11:48:45","modified_gmt":"2025-09-01T17:48:45","slug":"borrador-nosotros","status":"publish","type":"page","link":"https:\/\/asisapark.com\/en\/borrador-nosotros\/","title":{"rendered":"Land supply"},"content":{"rendered":"<p>[et_pb_section fb_built=&#8221;1&#8243; _builder_version=&#8221;4.27.0&#8243; _module_preset=&#8221;default&#8221; background_image=&#8221;https:\/\/asisapark.com\/wp-content\/uploads\/2024\/08\/asisa-4-1-4.jpg&#8221; min_height=&#8221;212px&#8221; locked=&#8221;off&#8221; global_colors_info=&#8221;{}&#8221;][\/et_pb_section][et_pb_section fb_built=&#8221;1&#8243; _builder_version=&#8221;4.27.0&#8243; _module_preset=&#8221;default&#8221; min_height=&#8221;166px&#8221; custom_margin=&#8221;||-131px|||&#8221; custom_padding=&#8221;0px|||||&#8221; global_colors_info=&#8221;{}&#8221;][\/et_pb_section][et_pb_section fb_built=&#8221;1&#8243; admin_label=&#8221;Hero&#8221; _builder_version=&#8221;4.27.0&#8243; custom_margin=&#8221;-27px|||||&#8221; custom_padding=&#8221;0|0px|0|0px|false|false&#8221; locked=&#8221;off&#8221; global_colors_info=&#8221;{}&#8221;][et_pb_row column_structure=&#8221;1_2,1_2&#8243; padding_top_bottom_link_1=&#8221;true&#8221; _builder_version=&#8221;4.22.2&#8243; min_height=&#8221;592.1px&#8221; custom_margin=&#8221;-8px|auto||auto||&#8221; custom_padding=&#8221;0px|0px|0|0px|false|false&#8221; global_colors_info=&#8221;{}&#8221;][et_pb_column type=&#8221;1_2&#8243; _builder_version=&#8221;4.22.2&#8243; background_color_gradient_direction=&#8221;270deg&#8221; background_color_gradient_start=&#8221;#ffffff&#8221; background_color_gradient_end=&#8221;rgba(255,255,255,0.8)&#8221; custom_padding=&#8221;||||false|false&#8221; custom_padding_tablet=&#8221;|5%||5%||true&#8221; custom_padding_phone=&#8221;|7%||7%||true&#8221; global_colors_info=&#8221;{}&#8221; padding_phone=&#8221;|7%||7%||true&#8221; padding_tablet=&#8221;|5%||5%||true&#8221; custom_padding__hover=&#8221;|||&#8221;][et_pb_text _builder_version=&#8221;4.27.0&#8243; text_font=&#8221;||||||||&#8221; text_font_size=&#8221;16px&#8221; text_line_height=&#8221;1.9em&#8221; header_font=&#8221;||||||||&#8221; header_2_font=&#8221;Playfair Display|700|||||||&#8221; header_2_font_size=&#8221;40px&#8221; header_2_line_height=&#8221;1.5em&#8221; header_3_font=&#8221;Lato|700||on|||||&#8221; header_3_text_color=&#8221;#3550a0&#8243; header_3_font_size=&#8221;20px&#8221; header_3_line_height=&#8221;1.5em&#8221; text_orientation=&#8221;right&#8221; custom_margin=&#8221;|-16px|||false|false&#8221; header_font_size_tablet=&#8221;50px&#8221; header_font_size_phone=&#8221;32px&#8221; header_font_size_last_edited=&#8221;off|desktop&#8221; header_3_font_size_tablet=&#8221;50px&#8221; header_3_font_size_phone=&#8221;32px&#8221; header_3_font_size_last_edited=&#8221;off|desktop&#8221; locked=&#8221;off&#8221; global_colors_info=&#8221;{}&#8221;]<\/p>\n<h2 style=\"text-align: left;\"><\/h2>\n<h2 style=\"text-align: left;\"><\/h2>\n<h2 style=\"text-align: left;\"><\/h2>\n<h2 style=\"text-align: left;\"><\/h2>\n<h2 style=\"text-align: left;\"><\/h2>\n<h2 style=\"text-align: left;\"><\/h2>\n<h2 style=\"text-align: left;\">Lotes Industriales<\/h2>\n<p style=\"text-align: justify;\"><span style=\"font-size: large;\"><strong>ASISA Industrial Park <\/strong>es un parque industrial estrat\u00e9gicamente ubicado que ofrece una amplia gama de terrenos para satisfacer las necesidades de empresas. Con una oferta de terrenos que supera las 100 hect\u00e1reas, proporcionamos opciones flexibles para venta o renta, adapt\u00e1ndose a las necesidades espec\u00edficas de nuestros clientes.<\/span><span style=\"font-size: large;\"><\/span><\/p>\n<p style=\"text-align: justify;\"><span style=\"font-size: large;\">En ASISA, los lotes est\u00e1n perfilados y hechos a la medida para asegurar que cada empresa pueda encontrar el espacio perfecto para sus operaciones industriales, adicional a esto contamos con el uso de suelo industrial, lo que garantiza que nuestros clientes puedan desarrollar sus actividades sin restricciones en cuanto al uso del suelo.\u00a0<\/span><\/p>\n<p>[\/et_pb_text][\/et_pb_column][et_pb_column type=&#8221;1_2&#8243; _builder_version=&#8221;4.16&#8243; background_color_gradient_start=&#8221;#3550a0&#8243; background_color_gradient_start_position=&#8221;25%&#8221; background_color_gradient_end=&#8221;rgba(240,242,246,0)&#8221; background_color_gradient_end_position=&#8221;25%&#8221; custom_padding=&#8221;|||&#8221; custom_padding_tablet=&#8221;|0px||0px|false|true&#8221; global_colors_info=&#8221;{}&#8221; padding_tablet=&#8221;|0px||0px|false|true&#8221; custom_padding__hover=&#8221;|||&#8221;][et_pb_image src=&#8221;https:\/\/asisapark.com\/wp-content\/uploads\/2023\/10\/asisa.jpg&#8221; title_text=&#8221;asisa&#8221; align_tablet=&#8221;center&#8221; align_phone=&#8221;center&#8221; align_last_edited=&#8221;on|desktop&#8221; _builder_version=&#8221;4.27.0&#8243; use_background_color_gradient=&#8221;on&#8221; background_color_gradient_stops=&#8221;#1f4e79 24%|rgba(240,242,246,0) 24%&#8221; background_color_gradient_start=&#8221;#3550a0&#8243; background_color_gradient_start_position=&#8221;25%&#8221; background_color_gradient_end=&#8221;rgba(240,242,246,0)&#8221; background_color_gradient_end_position=&#8221;25%&#8221; max_width_last_edited=&#8221;off|desktop&#8221; min_height=&#8221;195.2px&#8221; height=&#8221;381px&#8221; custom_margin=&#8221;63px|||||&#8221; custom_padding=&#8221;56px|||21px||&#8221; animation_style=&#8221;slide&#8221; animation_direction=&#8221;top&#8221; animation_intensity_slide=&#8221;1%&#8221; box_shadow_style=&#8221;preset4&#8243; box_shadow_horizontal=&#8221;120px&#8221; box_shadow_vertical=&#8221;120px&#8221; box_shadow_spread=&#8221;-60px&#8221; box_shadow_color=&#8221;#f0f2f6&#8243; global_colors_info=&#8221;{}&#8221;][\/et_pb_image][\/et_pb_column][\/et_pb_row][\/et_pb_section][et_pb_section fb_built=&#8221;1&#8243; _builder_version=&#8221;4.27.0&#8243; _module_preset=&#8221;default&#8221; custom_padding=&#8221;0px||0px|||&#8221; global_colors_info=&#8221;{}&#8221;][et_pb_row _builder_version=&#8221;4.27.0&#8243; _module_preset=&#8221;default&#8221; custom_padding=&#8221;0px|||||&#8221; global_colors_info=&#8221;{}&#8221;][et_pb_column type=&#8221;4_4&#8243; _builder_version=&#8221;4.27.0&#8243; _module_preset=&#8221;default&#8221; global_colors_info=&#8221;{}&#8221;][et_pb_image src=&#8221;https:\/\/asisapark.com\/wp-content\/uploads\/2025\/07\/MASTER-PLAN-ASISA-PARK-Rev.0-scaled.png&#8221; title_text=&#8221;MASTER PLAN ASISA PARK Rev.0&#8243; _builder_version=&#8221;4.27.0&#8243; _module_preset=&#8221;default&#8221; custom_margin=&#8221;-17px|||||&#8221; custom_padding=&#8221;0px|||||&#8221; global_colors_info=&#8221;{}&#8221;][\/et_pb_image][\/et_pb_column][\/et_pb_row][\/et_pb_section][et_pb_section fb_built=&#8221;1&#8243; admin_label=&#8221;Books&#8221; _builder_version=&#8221;4.22.2&#8243; background_image=&#8221;https:\/\/asisapark.com\/wp-content\/uploads\/2023\/10\/wwtp.jpg&#8221; custom_padding=&#8221;10px||77px|||&#8221; locked=&#8221;off&#8221; global_colors_info=&#8221;{}&#8221;][et_pb_row column_structure=&#8221;1_2,1_2&#8243; _builder_version=&#8221;4.22.2&#8243; _module_preset=&#8221;default&#8221; custom_margin=&#8221;121px|33px||auto||&#8221; global_colors_info=&#8221;{}&#8221;][et_pb_column type=&#8221;1_2&#8243; _builder_version=&#8221;4.22.2&#8243; _module_preset=&#8221;default&#8221; global_colors_info=&#8221;{}&#8221;][\/et_pb_column][et_pb_column type=&#8221;1_2&#8243; _builder_version=&#8221;4.22.2&#8243; _module_preset=&#8221;default&#8221; global_colors_info=&#8221;{}&#8221;][et_pb_code _builder_version=&#8221;4.22.2&#8243; _module_preset=&#8221;default&#8221; global_colors_info=&#8221;{}&#8221;]<iframe loading=\"lazy\" width=\"560\" height=\"315\" src=\"https:\/\/www.youtube.com\/embed\/6UiAmMTtF_I?si=jwmXtFlKJNXUDBMP\" title=\"YouTube video player\" frameborder=\"0\" allow=\"accelerometer; autoplay; clipboard-write; encrypted-media; gyroscope; picture-in-picture; web-share\" allowfullscreen><\/iframe>[\/et_pb_code][\/et_pb_column][\/et_pb_row][\/et_pb_section]<\/p>\n","protected":false},"excerpt":{"rendered":"<p>Lotes Industriales ASISA Industrial Park es un parque industrial estrat\u00e9gicamente ubicado que ofrece una amplia gama de terrenos para satisfacer las necesidades de empresas. Con una oferta de terrenos que supera las 100 hect\u00e1reas, proporcionamos opciones flexibles para venta o renta, adapt\u00e1ndose a las necesidades espec\u00edficas de nuestros clientes. En ASISA, los lotes est\u00e1n perfilados [&hellip;]<\/p>\n","protected":false},"author":3,"featured_media":0,"parent":0,"menu_order":0,"comment_status":"closed","ping_status":"closed","template":"","meta":{"_et_pb_use_builder":"on","_et_pb_old_content":"","_et_gb_content_width":"","footnotes":""},"class_list":["post-373","page","type-page","status-publish","hentry"],"_links":{"self":[{"href":"https:\/\/asisapark.com\/en\/wp-json\/wp\/v2\/pages\/373","targetHints":{"allow":["GET"]}}],"collection":[{"href":"https:\/\/asisapark.com\/en\/wp-json\/wp\/v2\/pages"}],"about":[{"href":"https:\/\/asisapark.com\/en\/wp-json\/wp\/v2\/types\/page"}],"author":[{"embeddable":true,"href":"https:\/\/asisapark.com\/en\/wp-json\/wp\/v2\/users\/3"}],"replies":[{"embeddable":true,"href":"https:\/\/asisapark.com\/en\/wp-json\/wp\/v2\/comments?post=373"}],"version-history":[{"count":24,"href":"https:\/\/asisapark.com\/en\/wp-json\/wp\/v2\/pages\/373\/revisions"}],"predecessor-version":[{"id":697,"href":"https:\/\/asisapark.com\/en\/wp-json\/wp\/v2\/pages\/373\/revisions\/697"}],"wp:attachment":[{"href":"https:\/\/asisapark.com\/en\/wp-json\/wp\/v2\/media?parent=373"}],"curies":[{"name":"wp","href":"https:\/\/api.w.org\/{rel}","templated":true}]}}