{"id":45,"date":"2023-10-08T23:16:26","date_gmt":"2023-10-08T23:16:26","guid":{"rendered":"https:\/\/asisapark.com\/?page_id=45"},"modified":"2024-08-12T08:46:09","modified_gmt":"2024-08-12T14:46:09","slug":"nosotros","status":"publish","type":"page","link":"https:\/\/asisapark.com\/zh\/nosotros\/","title":{"rendered":"\u6211\u4eec"},"content":{"rendered":"<p>[et_pb_section fb_built=&#8221;1&#8243; _builder_version=&#8221;4.27.0&#8243; _module_preset=&#8221;default&#8221; background_image=&#8221;https:\/\/asisapark.com\/wp-content\/uploads\/2024\/08\/asisa-4-1-4.jpg&#8221; min_height=&#8221;212px&#8221; locked=&#8221;off&#8221; global_colors_info=&#8221;{}&#8221;][\/et_pb_section][et_pb_section fb_built=&#8221;1&#8243; _builder_version=&#8221;4.27.0&#8243; _module_preset=&#8221;default&#8221; global_colors_info=&#8221;{}&#8221;][et_pb_row _builder_version=&#8221;4.27.0&#8243; _module_preset=&#8221;default&#8221; custom_margin=&#8221;|auto|-97px|auto||&#8221; custom_padding=&#8221;0px||0px|||&#8221; global_colors_info=&#8221;{}&#8221;][et_pb_column type=&#8221;4_4&#8243; _builder_version=&#8221;4.27.0&#8243; _module_preset=&#8221;default&#8221; global_colors_info=&#8221;{}&#8221;][et_pb_image src=&#8221;https:\/\/asisapark.com\/wp-content\/uploads\/2024\/08\/ASISAPARK.png&#8221; title_text=&#8221;ASISAPARK&#8221; _builder_version=&#8221;4.27.0&#8243; _module_preset=&#8221;default&#8221; width=&#8221;23.3%&#8221; custom_padding=&#8221;||0px|||&#8221; hover_enabled=&#8221;0&#8243; global_colors_info=&#8221;{}&#8221; sticky_enabled=&#8221;0&#8243;][\/et_pb_image][\/et_pb_column][\/et_pb_row][\/et_pb_section][et_pb_section fb_built=&#8221;1&#8243; admin_label=&#8221;Hero&#8221; _builder_version=&#8221;4.27.0&#8243; custom_margin=&#8221;-27px|||||&#8221; custom_padding=&#8221;0|0px|0|0px|false|false&#8221; locked=&#8221;off&#8221; global_colors_info=&#8221;{}&#8221;][et_pb_row column_structure=&#8221;1_2,1_2&#8243; padding_top_bottom_link_1=&#8221;true&#8221; _builder_version=&#8221;4.22.2&#8243; custom_margin=&#8221;-8px|auto||auto||&#8221; custom_padding=&#8221;0px|0px|0|0px|false|false&#8221; global_colors_info=&#8221;{}&#8221;][et_pb_column type=&#8221;1_2&#8243; _builder_version=&#8221;4.22.2&#8243; background_color_gradient_direction=&#8221;270deg&#8221; background_color_gradient_start=&#8221;#ffffff&#8221; background_color_gradient_end=&#8221;rgba(255,255,255,0.8)&#8221; custom_padding=&#8221;||||false|false&#8221; custom_padding_tablet=&#8221;|5%||5%||true&#8221; custom_padding_phone=&#8221;|7%||7%||true&#8221; global_colors_info=&#8221;{}&#8221; padding_phone=&#8221;|7%||7%||true&#8221; padding_tablet=&#8221;|5%||5%||true&#8221; custom_padding__hover=&#8221;|||&#8221;][et_pb_text _builder_version=&#8221;4.27.0&#8243; text_font=&#8221;||||||||&#8221; text_font_size=&#8221;16px&#8221; text_line_height=&#8221;1.9em&#8221; header_font=&#8221;||||||||&#8221; header_2_font=&#8221;Playfair Display|700|||||||&#8221; header_2_font_size=&#8221;40px&#8221; header_2_line_height=&#8221;1.5em&#8221; header_3_font=&#8221;Lato|700||on|||||&#8221; header_3_text_color=&#8221;#3550a0&#8243; header_3_font_size=&#8221;20px&#8221; header_3_line_height=&#8221;1.5em&#8221; text_orientation=&#8221;right&#8221; custom_margin=&#8221;|-16px|||false|false&#8221; custom_padding=&#8221;0px|||||&#8221; header_font_size_tablet=&#8221;50px&#8221; header_font_size_phone=&#8221;32px&#8221; header_font_size_last_edited=&#8221;off|desktop&#8221; header_3_font_size_tablet=&#8221;50px&#8221; header_3_font_size_phone=&#8221;32px&#8221; header_3_font_size_last_edited=&#8221;off|desktop&#8221; locked=&#8221;off&#8221; global_colors_info=&#8221;{}&#8221;]<\/p>\n<h2 style=\"text-align: left;\"><\/h2>\n<h2 style=\"text-align: left;\"><span style=\"font-size: 40px;\">ASISA Altamira Servicios de Infraestructura S.A. de C.V.<\/span><\/h2>\n<p style=\"text-align: justify;\"><span style=\"font-size: large;\"><strong>ASISA Industrial Park<\/strong> es un parque industrial \u00fanico en la zona sur de Tamaulipas totalmente cercado con sistema de video vigilancia las 24 horas, as\u00ed como servicio de seguridad privada propia. Se cuenta con terrenos e infraestructura necesaria instalada y operando para inversionistas que demanden espacios para el desarrollo de complejos industriales y log\u00edsticos.<\/span><\/p>\n<p style=\"text-align: justify;\"><span style=\"font-size: large;\"><strong>ASISA Industrial Park<\/strong> cuenta con subestaci\u00f3n el\u00e9ctrica para satisfacer la demanda de energ\u00eda el\u00e9ctrica que requieran los usuarios del parque, as\u00ed como los servicios de agua tratada para uso industrial, tratamiento de aguas residuales, estaci\u00f3n de gas natural y fibra \u00f3ptica.\u00a0<\/span><\/p>\n<p>[\/et_pb_text][\/et_pb_column][et_pb_column type=&#8221;1_2&#8243; _builder_version=&#8221;4.16&#8243; background_color_gradient_start=&#8221;#3550a0&#8243; background_color_gradient_start_position=&#8221;25%&#8221; background_color_gradient_end=&#8221;rgba(240,242,246,0)&#8221; background_color_gradient_end_position=&#8221;25%&#8221; custom_padding=&#8221;|||&#8221; custom_padding_tablet=&#8221;|0px||0px|false|true&#8221; global_colors_info=&#8221;{}&#8221; padding_tablet=&#8221;|0px||0px|false|true&#8221; custom_padding__hover=&#8221;|||&#8221;][et_pb_image src=&#8221;https:\/\/asisapark.com\/wp-content\/uploads\/2023\/10\/asisa.jpg&#8221; title_text=&#8221;asisa&#8221; align_tablet=&#8221;center&#8221; align_phone=&#8221;center&#8221; align_last_edited=&#8221;on|desktop&#8221; _builder_version=&#8221;4.27.0&#8243; use_background_color_gradient=&#8221;on&#8221; background_color_gradient_stops=&#8221;#1f4e79 24%|rgba(240,242,246,0) 24%&#8221; background_color_gradient_start=&#8221;#3550a0&#8243; background_color_gradient_start_position=&#8221;25%&#8221; background_color_gradient_end=&#8221;rgba(240,242,246,0)&#8221; background_color_gradient_end_position=&#8221;25%&#8221; max_width_last_edited=&#8221;off|desktop&#8221; min_height=&#8221;223.2px&#8221; height=&#8221;381px&#8221; custom_margin=&#8221;35px|||||&#8221; custom_padding=&#8221;52px|||21px||&#8221; animation_style=&#8221;slide&#8221; animation_direction=&#8221;top&#8221; animation_intensity_slide=&#8221;1%&#8221; box_shadow_style=&#8221;preset4&#8243; box_shadow_horizontal=&#8221;120px&#8221; box_shadow_vertical=&#8221;120px&#8221; box_shadow_spread=&#8221;-60px&#8221; box_shadow_color=&#8221;#f0f2f6&#8243; global_colors_info=&#8221;{}&#8221;][\/et_pb_image][\/et_pb_column][\/et_pb_row][\/et_pb_section][et_pb_section fb_built=&#8221;1&#8243; admin_label=&#8221;Services&#8221; _builder_version=&#8221;4.27.0&#8243; use_background_color_gradient=&#8221;on&#8221; background_color_gradient_direction=&#8221;90deg&#8221; background_color_gradient_stops=&#8221;rgba(240,242,246,0.5) 0%|rgba(255,255,255,0) 100%&#8221; background_color_gradient_start=&#8221;rgba(240,242,246,0.5)&#8221; background_color_gradient_end=&#8221;rgba(255,255,255,0)&#8221; custom_padding=&#8221;0px|||||&#8221; locked=&#8221;off&#8221; global_colors_info=&#8221;{}&#8221;][et_pb_row use_custom_gutter=&#8221;on&#8221; gutter_width=&#8221;1&#8243; _builder_version=&#8221;4.16&#8243; module_alignment=&#8221;center&#8221; custom_margin=&#8221;|auto|-34px|auto||&#8221; global_colors_info=&#8221;{}&#8221;][et_pb_column type=&#8221;4_4&#8243; _builder_version=&#8221;4.16&#8243; custom_padding=&#8221;|||&#8221; global_colors_info=&#8221;{}&#8221; custom_padding__hover=&#8221;|||&#8221;][et_pb_text _builder_version=&#8221;4.22.2&#8243; text_font=&#8221;Lato||||||||&#8221; text_font_size=&#8221;16px&#8221; text_line_height=&#8221;1.8em&#8221; header_font=&#8221;||||||||&#8221; header_2_font=&#8221;Playfair Display|700|||||||&#8221; header_2_font_size=&#8221;40px&#8221; header_2_line_height=&#8221;1.5em&#8221; header_6_font=&#8221;||||||||&#8221; text_orientation=&#8221;center&#8221; max_width=&#8221;700px&#8221; max_width_last_edited=&#8221;off|desktop&#8221; module_alignment=&#8221;center&#8221; custom_margin=&#8221;|||&#8221; custom_padding=&#8221;|||&#8221; header_2_font_size_tablet=&#8221;30px&#8221; header_2_font_size_phone=&#8221;24px&#8221; header_2_font_size_last_edited=&#8221;on|phone&#8221; global_colors_info=&#8221;{}&#8221;]<\/p>\n<h2>Nuestra filosof\u00eda<\/h2>\n<p>[\/et_pb_text][\/et_pb_column][\/et_pb_row][et_pb_row column_structure=&#8221;1_2,1_2&#8243; use_custom_gutter=&#8221;on&#8221; gutter_width=&#8221;1&#8243; custom_padding_last_edited=&#8221;off|desktop&#8221; _builder_version=&#8221;4.16&#8243; background_color=&#8221;#e1e2e8&#8243; custom_margin=&#8221;20px||20px||true&#8221; custom_padding=&#8221;0|0px|0|0px|false|false&#8221; animation_style=&#8221;slide&#8221; animation_direction=&#8221;right&#8221; animation_intensity_slide=&#8221;1%&#8221; box_shadow_style=&#8221;preset3&#8243; box_shadow_vertical=&#8221;100px&#8221; box_shadow_blur=&#8221;100px&#8221; box_shadow_spread=&#8221;-60px&#8221; global_colors_info=&#8221;{}&#8221;][et_pb_column type=&#8221;1_2&#8243; _builder_version=&#8221;4.16&#8243; custom_padding=&#8221;|||&#8221; global_colors_info=&#8221;{}&#8221; custom_padding__hover=&#8221;|||&#8221;][et_pb_blurb title=&#8221;Visi\u00f3n&#8221; use_icon=&#8221;on&#8221; font_icon=&#8221;&#xf06e;||fa||400&#8243; icon_color=&#8221;rgba(0,21,76,0.3)&#8221; image_icon_width=&#8221;60px&#8221; content_max_width=&#8221;585px&#8221; _builder_version=&#8221;4.22.2&#8243; header_font=&#8221;Lato|700|||||||&#8221; header_text_color=&#8221;#3550a0&#8243; header_line_height=&#8221;1.5em&#8221; background_color=&#8221;#ffffff&#8221; text_orientation=&#8221;center&#8221; custom_padding=&#8221;40px|20px|40px|20px|true|true&#8221; custom_padding_tablet=&#8221;&#8221; custom_padding_phone=&#8221;20px||20px||true&#8221; custom_padding_last_edited=&#8221;on|phone&#8221; animation_direction=&#8221;right&#8221; animation=&#8221;off&#8221; icon_font_size=&#8221;32px&#8221; global_colors_info=&#8221;{}&#8221;]<\/p>\n<p style=\"text-align: justify;\"><span style=\"font-size: large;\">Contribuir con nuestra tecnolog\u00eda a empresas mediante la prestaci\u00f3n de servicios b\u00e1sicos, operando en coherencia con nuestros valores e implementando estrategias para contribuir a la mejora del medio ambiente<\/span><\/p>\n<p>[\/et_pb_blurb][\/et_pb_column][et_pb_column type=&#8221;1_2&#8243; _builder_version=&#8221;4.16&#8243; custom_padding=&#8221;|||&#8221; global_colors_info=&#8221;{}&#8221; custom_padding__hover=&#8221;|||&#8221;][et_pb_blurb title=&#8221;Misi\u00f3n&#8221; use_icon=&#8221;on&#8221; font_icon=&#8221;&#xf091;||fa||900&#8243; icon_color=&#8221;rgba(0,21,76,0.3)&#8221; image_icon_width=&#8221;60px&#8221; _builder_version=&#8221;4.22.2&#8243; header_font=&#8221;Lato|700|||||||&#8221; header_text_color=&#8221;#3550a0&#8243; header_line_height=&#8221;1.5em&#8221; background_color=&#8221;#f9fafc&#8221; text_orientation=&#8221;center&#8221; custom_padding=&#8221;40px|20px|40px|20px|true|true&#8221; custom_padding_tablet=&#8221;&#8221; custom_padding_phone=&#8221;20px||20px||true&#8221; custom_padding_last_edited=&#8221;on|phone&#8221; animation=&#8221;off&#8221; icon_font_size=&#8221;32px&#8221; global_colors_info=&#8221;{}&#8221;]<\/p>\n<p style=\"text-align: justify;\"><span style=\"font-size: large;\">Ser una Empresa con un s\u00f3lido prestigio a nivel nacional, liderando el mercado, diferenci\u00e1ndonos en la mejora continua, respetando las normas internacionales de calidad, seguridad y cuidado del ambiente<\/span><\/p>\n<p>[\/et_pb_blurb][\/et_pb_column][\/et_pb_row][et_pb_row _builder_version=&#8221;4.27.0&#8243; _module_preset=&#8221;default&#8221; global_colors_info=&#8221;{}&#8221;][et_pb_column type=&#8221;4_4&#8243; _builder_version=&#8221;4.27.0&#8243; _module_preset=&#8221;default&#8221; global_colors_info=&#8221;{}&#8221;][et_pb_text _builder_version=&#8221;4.27.0&#8243; _module_preset=&#8221;default&#8221; text_font=&#8221;Times New Roman|700|||||||&#8221; text_text_color=&#8221;#0f0f0f&#8221; text_font_size=&#8221;45px&#8221; global_colors_info=&#8221;{}&#8221;]<\/p>\n<p style=\"text-align: center;\">Empresas asociadas<\/p>\n<p>[\/et_pb_text][\/et_pb_column][\/et_pb_row][\/et_pb_section][et_pb_section fb_built=&#8221;1&#8243; _builder_version=&#8221;4.27.0&#8243; _module_preset=&#8221;default&#8221; locked=&#8221;off&#8221; global_colors_info=&#8221;{}&#8221;][et_pb_row column_structure=&#8221;1_3,1_3,1_3&#8243; _builder_version=&#8221;4.27.0&#8243; _module_preset=&#8221;default&#8221; custom_margin=&#8221;-172px|auto||auto||&#8221; custom_padding=&#8221;69px||24px||false|false&#8221; locked=&#8221;off&#8221; global_colors_info=&#8221;{}&#8221;][et_pb_column type=&#8221;1_3&#8243; _builder_version=&#8221;4.27.0&#8243; _module_preset=&#8221;default&#8221; global_colors_info=&#8221;{}&#8221;][et_pb_blurb title=&#8221;Altamira Servicios de Protecci\u00f3n                     S.A. de C.V.                 &#8221; image=&#8221;https:\/\/asisapark.com\/wp-content\/uploads\/2024\/08\/AS-logo.png&#8221; image_icon_width=&#8221;60%&#8221; icon_placement_last_edited=&#8221;off|desktop&#8221; _builder_version=&#8221;4.27.0&#8243; header_font=&#8221;Lato|700|||||||&#8221; header_text_color=&#8221;#140b05&#8243; header_line_height=&#8221;1.5em&#8221; background_color=&#8221;#ffffff&#8221; text_orientation=&#8221;center&#8221; custom_margin=&#8221;||-1px|||&#8221; custom_padding=&#8221;16px|20px|16px|20px|true|true&#8221; custom_padding_tablet=&#8221;&#8221; custom_padding_phone=&#8221;20px||20px||true&#8221; custom_padding_last_edited=&#8221;on|phone&#8221; animation_direction=&#8221;right&#8221; animation=&#8221;off&#8221; border_color_all=&#8221;RGBA(255,255,255,0)&#8221; icon_font_size=&#8221;32px&#8221; global_colors_info=&#8221;{}&#8221;][\/et_pb_blurb][et_pb_text admin_label=&#8221;Text&#8221; _builder_version=&#8221;4.27.0&#8243; _module_preset=&#8221;default&#8221; text_font=&#8221;|700|||||||&#8221; header_font=&#8221;|700|||||||&#8221; min_height=&#8221;51.2px&#8221; custom_margin=&#8221;7px||-21px|||&#8221; custom_padding=&#8221;0px|||||&#8221; global_colors_info=&#8221;{}&#8221;]<\/p>\n<p style=\"text-align: center;\"><span style=\"color: #0c71c3; font-size: large;\"><a href=\"https:\/\/altaproteccion.com.mx\/\" style=\"color: #0c71c3;\">altaproteccion.com.mx<\/a><\/span><\/p>\n<p>[\/et_pb_text][et_pb_text admin_label=&#8221;Text&#8221; _builder_version=&#8221;4.27.0&#8243; _module_preset=&#8221;default&#8221; text_font=&#8221;|700|||||||&#8221; header_font=&#8221;|700|||||||&#8221; min_height=&#8221;55.2px&#8221; custom_padding=&#8221;0px|||||&#8221; global_colors_info=&#8221;{}&#8221;]<\/p>\n<p style=\"text-align: center;\"><span style=\"color: #0c71c3;\"><a href=\"https:\/\/altaproteccion.com.mx\/\" style=\"color: #0c71c3;\"><span style=\"font-size: large;\">Seguridad patrimonial<\/span><\/a><\/span><\/p>\n<p>&nbsp;<\/p>\n<p>[\/et_pb_text][\/et_pb_column][et_pb_column type=&#8221;1_3&#8243; admin_label=&#8221;Columna&#8221; _builder_version=&#8221;4.22.2&#8243; _module_preset=&#8221;default&#8221; global_colors_info=&#8221;{}&#8221;][et_pb_blurb title=&#8221; Altamira Centro de Control Integral S.A de C.V&#8221; image=&#8221;https:\/\/asisapark.com\/wp-content\/uploads\/2024\/08\/ACCi-logo.png&#8221; image_icon_width=&#8221;50%&#8221; _builder_version=&#8221;4.27.0&#8243; header_font=&#8221;Lato|700|||||||&#8221; header_text_color=&#8221;gcid-a2b0fb77-b91c-44b8-ba04-a398c08cfc69&#8243; header_line_height=&#8221;1.5em&#8221; background_color=&#8221;#ffffff&#8221; text_orientation=&#8221;center&#8221; custom_margin=&#8221;||10px|||&#8221; custom_padding=&#8221;0px|20px|0px|20px|true|true&#8221; custom_padding_tablet=&#8221;&#8221; custom_padding_phone=&#8221;20px||20px||true&#8221; custom_padding_last_edited=&#8221;on|phone&#8221; animation=&#8221;off&#8221; icon_font_size=&#8221;32px&#8221; global_colors_info=&#8221;{%22gcid-a2b0fb77-b91c-44b8-ba04-a398c08cfc69%22:%91%22header_text_color%22%93}&#8221;][\/et_pb_blurb][et_pb_text _builder_version=&#8221;4.27.0&#8243; _module_preset=&#8221;default&#8221; min_height=&#8221;192.2px&#8221; custom_margin=&#8221;-10px||-22px|||&#8221; custom_padding=&#8221;20px|||||&#8221; global_colors_info=&#8221;{}&#8221;]<\/p>\n<p style=\"text-align: center;\"><span style=\"font-size: large;\"><strong><a href=\"https:\/\/acci.mx\/\"><span style=\"color: #0c71c3;\">acci.mx<\/span><\/a><\/strong><\/span><\/p>\n<p>&nbsp;<\/p>\n<p>[\/et_pb_text][et_pb_text _builder_version=&#8221;4.27.0&#8243; _module_preset=&#8221;default&#8221; min_height=&#8221;0px&#8221; custom_margin=&#8221;-136px||-6px|||&#8221; custom_padding=&#8221;0px|||||&#8221; global_colors_info=&#8221;{}&#8221;]<\/p>\n<p style=\"text-align: center;\"><span style=\"color: #0c71c3;\"><a href=\"https:\/\/acci.mx\/\" style=\"color: #0c71c3;\"><span style=\"font-size: large;\"><strong>Servicios t\u00e9cnicos especializados<\/strong><\/span><\/a><\/span><\/p>\n<p>&nbsp;<\/p>\n<p>[\/et_pb_text][\/et_pb_column][et_pb_column type=&#8221;1_3&#8243; admin_label=&#8221;Columna&#8221; _builder_version=&#8221;4.22.2&#8243; _module_preset=&#8221;default&#8221; global_colors_info=&#8221;{}&#8221;][et_pb_blurb title=&#8221;Altamira Centro de Servicios S.A de C.V&#8221; image=&#8221;https:\/\/asisapark.com\/wp-content\/uploads\/2024\/08\/logo-ACS.png&#8221; image_icon_width=&#8221;18%&#8221; _builder_version=&#8221;4.27.0&#8243; header_font=&#8221;Lato|700|||||||&#8221; header_text_color=&#8221;gcid-a2b0fb77-b91c-44b8-ba04-a398c08cfc69&#8243; header_line_height=&#8221;1.5em&#8221; background_color=&#8221;#ffffff&#8221; text_orientation=&#8221;center&#8221; width=&#8221;100%&#8221; custom_margin=&#8221;||-16px|||&#8221; custom_padding=&#8221;0px|20px|23px|20px|false|true&#8221; custom_padding_tablet=&#8221;&#8221; custom_padding_phone=&#8221;20px||20px||true&#8221; custom_padding_last_edited=&#8221;on|phone&#8221; animation=&#8221;off&#8221; icon_font_size=&#8221;32px&#8221; global_colors_info=&#8221;{%22gcid-a2b0fb77-b91c-44b8-ba04-a398c08cfc69%22:%91%22header_text_color%22%93}&#8221;][\/et_pb_blurb][et_pb_text _builder_version=&#8221;4.27.0&#8243; _module_preset=&#8221;default&#8221; custom_margin=&#8221;||-33px|||&#8221; custom_padding=&#8221;15px||3px|||&#8221; locked=&#8221;off&#8221; global_colors_info=&#8221;{}&#8221;]<\/p>\n<p style=\"text-align: center;\"><strong><span style=\"font-size: large;\"><span style=\"color: #0c71c3;\"><a href=\"https:\/\/acservices.com.mx\/\" style=\"color: #0c71c3;\">acservices.com.mx<\/a><\/span><\/span><\/strong><\/p>\n<p>&nbsp;<\/p>\n<p>[\/et_pb_text][et_pb_text _builder_version=&#8221;4.27.0&#8243; _module_preset=&#8221;default&#8221; min_height=&#8221;34.5px&#8221; custom_margin=&#8221;||3px|||&#8221; custom_padding=&#8221;0px||0px|||&#8221; locked=&#8221;off&#8221; global_colors_info=&#8221;{}&#8221;]<\/p>\n<p style=\"text-align: center;\"><span style=\"font-size: large;\"><strong><span style=\"color: #0c71c3;\"><a href=\"https:\/\/acservices.com.mx\/\" style=\"color: #0c71c3;\">Servicios de capacitaci\u00f3n<\/a><\/span><\/strong><\/span><\/p>\n<p style=\"text-align: center;\">\n<p>[\/et_pb_text][\/et_pb_column][\/et_pb_row][\/et_pb_section][et_pb_section fb_built=&#8221;1&#8243; admin_label=&#8221;Books&#8221; _builder_version=&#8221;4.22.2&#8243; background_image=&#8221;https:\/\/asisapark.com\/wp-content\/uploads\/2023\/10\/wwtp.jpg&#8221; custom_padding=&#8221;10px||77px|||&#8221; locked=&#8221;off&#8221; global_colors_info=&#8221;{}&#8221;][\/et_pb_section]<\/p>\n","protected":false},"excerpt":{"rendered":"<p>ASISA Altamira Servicios de Infraestructura S.A. de C.V. ASISA Industrial Park es un parque industrial \u00fanico en la zona sur de Tamaulipas totalmente cercado con sistema de video vigilancia las 24 horas, as\u00ed como servicio de seguridad privada propia. Se cuenta con terrenos e infraestructura necesaria instalada y operando para inversionistas que demanden espacios para [&hellip;]<\/p>\n","protected":false},"author":2,"featured_media":0,"parent":0,"menu_order":0,"comment_status":"closed","ping_status":"closed","template":"","meta":{"_et_pb_use_builder":"on","_et_pb_old_content":"<!-- wp:divi\/placeholder \/-->","_et_gb_content_width":"","footnotes":""},"class_list":["post-45","page","type-page","status-publish","hentry"],"_links":{"self":[{"href":"https:\/\/asisapark.com\/zh\/wp-json\/wp\/v2\/pages\/45","targetHints":{"allow":["GET"]}}],"collection":[{"href":"https:\/\/asisapark.com\/zh\/wp-json\/wp\/v2\/pages"}],"about":[{"href":"https:\/\/asisapark.com\/zh\/wp-json\/wp\/v2\/types\/page"}],"author":[{"embeddable":true,"href":"https:\/\/asisapark.com\/zh\/wp-json\/wp\/v2\/users\/2"}],"replies":[{"embeddable":true,"href":"https:\/\/asisapark.com\/zh\/wp-json\/wp\/v2\/comments?post=45"}],"version-history":[{"count":34,"href":"https:\/\/asisapark.com\/zh\/wp-json\/wp\/v2\/pages\/45\/revisions"}],"predecessor-version":[{"id":538,"href":"https:\/\/asisapark.com\/zh\/wp-json\/wp\/v2\/pages\/45\/revisions\/538"}],"wp:attachment":[{"href":"https:\/\/asisapark.com\/zh\/wp-json\/wp\/v2\/media?parent=45"}],"curies":[{"name":"wp","href":"https:\/\/api.w.org\/{rel}","templated":true}]}}